{"id":339,"date":"2022-05-17T21:10:06","date_gmt":"2022-05-17T19:10:06","guid":{"rendered":"https:\/\/liakada-resort.gr\/?page_id=339"},"modified":"2025-10-07T17:45:19","modified_gmt":"2025-10-07T15:45:19","slug":"allgemeine-reservationsbedingungen","status":"publish","type":"page","link":"https:\/\/liakada-resort.gr\/?page_id=339","title":{"rendered":"Allgemeine Reservationsbedingungen"},"content":{"rendered":"<p><span style=\"font-size: 18pt;\"><strong>Liebe Ferieng\u00e4ste<br \/>\n<\/strong><\/span>Bitte lesen Sie die nachfolgenden Allgemeinen Reservationsbedingungen aufmerksam durch. Sie erg\u00e4nzen die gesetzlichen Regelungen und werden Inhalt des Mietvertrages zwischen uns, Liakada Apartments ltd. und Ihnen als Gast.<\/p>\n<p><strong>1<b>.<\/b> Anmeldung, Best\u00e4tigung<\/strong><b><br \/>\n<\/b>1.1 Mit der Reservation bieten Sie Liakada Apartments ltd. den Abschluss eines Mietvertrages verbindlich an. Dies geschieht auf der Grundlage der Reservationsbeschreibung und der Allgemeinen Reservationsbedingungen. Die Reservierung kann m\u00fcndlich, telefonisch, schriftlich oder per E-Mail erfolgen.<br \/>\n1.2 Die Reservation erfolgt durch den Anmelder auch f\u00fcr alle in der Anmeldung mit aufgef\u00fchrten Personen, f\u00fcr deren Vertragsverpflichtungen der Anmelder wie f\u00fcr seine eigenen Verpflichtungen haftet.<br \/>\n1.3 Der Mietvertrag kommt mit der Annahme unseres Angebotes durch Liakada Apartments ltd. zustande, f\u00fcr die es keiner besonderen Form bedarf, und \u00fcber die Liakada Apartments ltd. Sie mit der Reservationsbest\u00e4tigung informiert. Im Falle der m\u00fcndlichen Vertragsannahme erhalten Sie alsbald eine schriftliche Ausfertigung der Reservationsbest\u00e4tigung \u00fcbersandt.<br \/>\n<b><br \/>\n<\/b><\/p>\n<p><b>2. Bezahlung<\/b><br \/>\n2.1 Nach Vertragsabschluss, Erhalt der Reservationsbest\u00e4tigung, ist eine Anzahlung von 20% des Mietpreises f\u00e4llig und zu zahlen. Die Anzahlung wird auf den Gesamtpreis angerechnet.<br \/>\n2.2 Der Restbetrag des Gesamtpreises ist sp\u00e4testens 21 Tage vor Mietbeginn (ma\u00dfgeblich ist der Eingang der Zahlung bei Liakada Apartments ltd.) f\u00e4llig und zahlbar.<br \/>\n2.3 Werden f\u00e4llige Zahlungen auf den Mietpreis trotz Mahnung und angemessener Fristsetzung zur Zahlung nicht oder nicht rechtzeitig geleistet, so ist Liakada Apartments ltd. berechtigt, vom Vertrag zur\u00fcckzutreten und Sie mit R\u00fccktrittskosten entsprechend Ziffer 4.2 zu belasten.<\/p>\n<p><b>3. Leistungen, Leistungs\u00e4nderungen<\/b><br \/>\n3.1 Der Umfang der vertraglichen Leistungen von Liakada Apartments ltd. ergibt sich ausschlie\u00dflich aus dem Inhalt der Reservationsbest\u00e4tigung.<br \/>\n3.2 Die genannten Mietpreise sind bindend.<\/p>\n<p><b>4. R\u00fccktritt durch den Kunden, Umbuchungen, Ersatzpersonen <\/b><br \/>\n4.1 Sie k\u00f6nnen jederzeit vor Beginn der Reise vom Mietvertrag zur\u00fccktreten. Ma\u00dfgeblich ist der Zugang der R\u00fccktrittserkl\u00e4rung bei Liakada Apartments ltd. Ihnen wird aus Beweisgr\u00fcnden dringend empfohlen, den R\u00fccktritt schriftlich zu erkl\u00e4ren.<br \/>\n4.2 Wenn Sie zur\u00fccktreten, verliert Liakada Apartments ltd. den Anspruch auf den vereinbarten Mietpreis, kann jedoch eine angemessene Entsch\u00e4digung f\u00fcr die getroffenen Reservationsvorkehrungen und f\u00fcr ihre Aufwendungen verlangen. Die H\u00f6he der Entsch\u00e4digung bestimmt sich nach dem Mietpreis unter Abzug des Wertes der von Liakada Apartments ltd. ersparten Aufwendungen sowie dessen, was Liakada Apartments ltd. durch m\u00f6gliche anderweitige Verwendung der Reservationsleistungen erwerben kann. Liakada Apartments ltd. weist darauf hin, dass sie diesen Anspruch nach ihrer Wahl konkret oder pauschalisiert berechnen kann. Dabei kann Liakada Apartments ltd. eine pauschalierte Entsch\u00e4digung, orientiert am R\u00fccktrittszeitpunkt der G\u00e4ste, wie folgt verlangen:<br \/>\nbis 30. Tag vor Mietantritt: 20% des Mietpreises<br \/>\nab 29. bis 22. Tag vor Mietantritt: 30% des Mietpreises<br \/>\nab 21. bis 15. Tag vor Mietantritt: 45% des Mietpreises<br \/>\nab 14. bis 7. Tag vor Mietantritt: 60% des Mietpreises<br \/>\nab 6. Tag vor Mietantritt \/ bei Nichtantritt: 90% des Mietpreises<br \/>\n4.3 Ein rechtlicher Anspruch auf Umbuchungen besteht nicht. Werden auf Ihren Wunsch dennoch nach der Reservation Umbuchungen (\u00c4nderungen hinsichtlich des Miettermins oder der Unterkunft) vorgenommen, kann Liakada Apartments ltd. bis zum 22. Tag vor Mietantritt ein Umbuchungsentgelt von Euro 29,- pro Umbuchungsvorgang erheben. Danach sind \u00c4nderungen nur nach vorherigem R\u00fccktritt vom Reservationsvertrag unter gleichzeitiger Neuanmeldung unter den in Ziffer 4.2 genannten Bedingungen m\u00f6glich.<br \/>\n4.4 Statt zur\u00fcckzutreten, k\u00f6nnen Sie bis zum Mietbeginn eine Ersatzperson stellen, wobei Liakada Apartments ltd. sich vorbeh\u00e4lt, diese Person abzulehnen, sofern sie den besonderen Erfordernissen der Reservationsbedingungen nicht gen\u00fcgt . F\u00fcr die durch den Wechsel in der Person des Gastes entstehenden Mehrkosten haften urspr\u00fcnglicher und neuer Gast gesamtschuldnerisch.<\/p>\n<p><b>5. Nicht in Anspruch genommene Leistungen<\/b><br \/>\nNehmen Sie einzelne Leistungen, die Liakada Apartments ltd. Ihnen ordnungsgem\u00e4\u00df angeboten hat, infolge vorzeitiger Abreise, wegen Krankheit oder aus anderen Gr\u00fcnden, die von Ihnen zu vertreten sind, nicht in Anspruch, so besteht kein Anspruch Ihrerseits auf anteilige R\u00fcckerstattung des Mietpreises.<\/p>\n<p><b>6. R\u00fccktritt und K\u00fcndigung durch Liakada Apartments ltd.<\/b><br \/>\n6.1 St\u00f6rt der Gast trotz einer entsprechenden Abmahnung durch Liakada Apartments ltd. nachhaltig oder verh\u00e4lt er sich in solchem Ma\u00dfe vertragswidrig, dass eine Fortsetzung des Vertragsverh\u00e4ltnisses bis zur vereinbarten Beendigung oder zum Ablauf einer K\u00fcndigungsfrist mit ihm unzumutbar ist, oder sonst stark vertragswidrig, kann Liakada Apartments ltd. ohne Einhaltung einer Frist den Mietvertrag k\u00fcndigen. Dabei beh\u00e4lt Liakada Apartments ltd. den Anspruch auf den Mietpreis abz\u00fcglich des Wertes ersparter Aufwendungen und ggf. erfolgter Erstattungen durch Leistungstr\u00e4ger oder \u00e4hnliche Vorteile, die er aus der anderweitigen Verwendung der nicht in Anspruch genommenen Leistung erlangt. Eventuelle Mehrkosten f\u00fcr die R\u00fcckbef\u00f6rderung tr\u00e4gt der St\u00f6rer selbst.<\/p>\n<p><b>7. Obliegenheiten des Kunden<\/b><br \/>\n7.1 Falls Sie Ihre Reservationsdokumente nicht sp\u00e4testens 8 Tage vor Mietbeginn erhalten haben, haben Sie Liakada Apartments ltd. umgehend zu benachrichtigen.<br \/>\n7.2 Der Mieter ist verpflichtet, eventuelle Sch\u00e4den zu vermeiden oder gering zu halten.<br \/>\n7.3 Der Gast hat auftretende M\u00e4ngel unverz\u00fcglich Liakada Apartments ltd. mitzuteilen und dort innerhalb angemessener Frist um Abhilfe zu ersuchen. Unterl\u00e4sst es der Gast schuldhaft, einen Mangel anzuzeigen, tritt eine Minderung des Mietpreises nicht ein. Liakada Apartments ltd. kann die Abhilfe verweigern, wenn sie unverh\u00e4ltnism\u00e4\u00dfigen Aufwand erfordert. Liakada Apartments ltd. kann in der Weise Abhilfe schaffen, dass sie eine gleichwertige Ersatzleistung erbringt.<br \/>\n7.4 Wird die Mietdauer infolge eines Mangels erheblich beeintr\u00e4chtigt und leistet Liakada Apartments ltd. innerhalb der vom Gast f\u00fcr die Abhilfe zu setzenden, angemessenen Frist keine Abhilfe, so kann der Gast im Rahmen der gesetzlichen Bestimmungen den Mietvertrag k\u00fcndigen, wobei die schriftliche Erkl\u00e4rung empfohlen wird. Der Bestimmung einer Frist durch den Kunden bedarf es lediglich dann nicht, wenn die Abhilfe unm\u00f6glich ist oder von Liakada Apartments ltd. verweigert wird oder wenn die sofortige K\u00fcndigung des Vertrages durch ein besonderes Interesse des Gastes gerechtfertigt wird.<\/p>\n<p><b>8. Datenschutz<\/b><br \/>\nDie personenbezogenen Daten, die der Gast Liakada Apartments ltd. zur Verf\u00fcgung stellt, werden elektronisch verarbeitet und genutzt, soweit es f\u00fcr die Begr\u00fcndung, Durchf\u00fchrung oder Beendigung des Mietvertrages mit dem Gast und f\u00fcr die G\u00e4stebetreuung erforderlich ist. Liakada Apartments ltd. h\u00e4lt bei der Erhebung, Verarbeitung und Nutzung personenbezogener Daten die Bestimmungen des Datenschutzgesetzes ein. Eine Weitergabe Ihrer Daten an unberechtigte Dritte erfolgt nicht.<\/p>\n<p><strong>Vermieter:<\/strong><br \/>\nLiakada Apartments ltd.<br \/>\nGR-49081 Karousades-Korfu<br \/>\nMobile: 0030 694 620 07 87<br \/>\nE-Mail: liakadaresort@gmail.com<br \/>\nWeb: www.liakada-resort.gr<\/p>\n","protected":false},"excerpt":{"rendered":"<p>Liebe Ferieng\u00e4ste Bitte lesen Sie die nachfolgenden Allgemeinen Reservationsbedingungen aufmerksam durch. Sie erg\u00e4nzen die gesetzlichen Regelungen und werden Inhalt des<\/p>\n<p><a href=\"https:\/\/liakada-resort.gr\/?page_id=339\" class=\"more-link\">Continue reading<span class=\"screen-reader-text\">Allgemeine Reservationsbedingungen<\/span><\/a><\/p>\n","protected":false},"author":1,"featured_media":0,"parent":0,"menu_order":0,"comment_status":"closed","ping_status":"closed","template":"","meta":{"footnotes":""},"class_list":["post-339","page","type-page","status-publish","hentry"],"_links":{"self":[{"href":"https:\/\/liakada-resort.gr\/index.php?rest_route=\/wp\/v2\/pages\/339","targetHints":{"allow":["GET"]}}],"collection":[{"href":"https:\/\/liakada-resort.gr\/index.php?rest_route=\/wp\/v2\/pages"}],"about":[{"href":"https:\/\/liakada-resort.gr\/index.php?rest_route=\/wp\/v2\/types\/page"}],"author":[{"embeddable":true,"href":"https:\/\/liakada-resort.gr\/index.php?rest_route=\/wp\/v2\/users\/1"}],"replies":[{"embeddable":true,"href":"https:\/\/liakada-resort.gr\/index.php?rest_route=%2Fwp%2Fv2%2Fcomments&post=339"}],"version-history":[{"count":6,"href":"https:\/\/liakada-resort.gr\/index.php?rest_route=\/wp\/v2\/pages\/339\/revisions"}],"predecessor-version":[{"id":367,"href":"https:\/\/liakada-resort.gr\/index.php?rest_route=\/wp\/v2\/pages\/339\/revisions\/367"}],"wp:attachment":[{"href":"https:\/\/liakada-resort.gr\/index.php?rest_route=%2Fwp%2Fv2%2Fmedia&parent=339"}],"curies":[{"name":"wp","href":"https:\/\/api.w.org\/{rel}","templated":true}]}}