{"id":18,"date":"2022-02-20T13:34:08","date_gmt":"2022-02-20T12:34:08","guid":{"rendered":"https:\/\/liakada-resort.gr\/?page_id=18"},"modified":"2025-11-30T13:30:43","modified_gmt":"2025-11-30T12:30:43","slug":"bungalows","status":"publish","type":"page","link":"https:\/\/liakada-resort.gr\/?page_id=18","title":{"rendered":"Bungalows"},"content":{"rendered":"\n<h2 class=\"wp-block-heading has-text-align-center\" id=\"4-stern-standard-bungalows-mit-meersicht\">4-Stern-Standard Bungalows mit Meersicht<\/h2>\n\n\n\n<figure class=\"wp-block-gallery has-nested-images columns-default is-cropped wp-block-gallery-1 is-layout-flex wp-block-gallery-is-layout-flex\">\n<figure class=\"wp-block-image size-large\"><img loading=\"lazy\" decoding=\"async\" width=\"1024\" height=\"587\" data-id=\"409\" src=\"https:\/\/liakada-resort.gr\/wp-content\/uploads\/2025\/11\/Bungalow-Rot_Aussen_2025_klein-e1764504180378-1024x587.jpg\" alt=\"\" class=\"wp-image-409\" srcset=\"https:\/\/liakada-resort.gr\/wp-content\/uploads\/2025\/11\/Bungalow-Rot_Aussen_2025_klein-e1764504180378-1024x587.jpg 1024w, https:\/\/liakada-resort.gr\/wp-content\/uploads\/2025\/11\/Bungalow-Rot_Aussen_2025_klein-e1764504180378-300x172.jpg 300w, https:\/\/liakada-resort.gr\/wp-content\/uploads\/2025\/11\/Bungalow-Rot_Aussen_2025_klein-e1764504180378-768x440.jpg 768w, https:\/\/liakada-resort.gr\/wp-content\/uploads\/2025\/11\/Bungalow-Rot_Aussen_2025_klein-e1764504180378-1536x881.jpg 1536w, https:\/\/liakada-resort.gr\/wp-content\/uploads\/2025\/11\/Bungalow-Rot_Aussen_2025_klein-e1764504180378.jpg 2000w\" sizes=\"auto, (max-width: 1024px) 100vw, 1024px\" \/><\/figure>\n\n\n\n<figure class=\"wp-block-image size-large\"><img loading=\"lazy\" decoding=\"async\" width=\"1024\" height=\"554\" data-id=\"413\" src=\"https:\/\/liakada-resort.gr\/wp-content\/uploads\/2025\/11\/Bungalow-Gelb_Aussen_2025-1-1024x554.jpg\" alt=\"\" class=\"wp-image-413\" srcset=\"https:\/\/liakada-resort.gr\/wp-content\/uploads\/2025\/11\/Bungalow-Gelb_Aussen_2025-1-1024x554.jpg 1024w, https:\/\/liakada-resort.gr\/wp-content\/uploads\/2025\/11\/Bungalow-Gelb_Aussen_2025-1-300x162.jpg 300w, https:\/\/liakada-resort.gr\/wp-content\/uploads\/2025\/11\/Bungalow-Gelb_Aussen_2025-1-768x415.jpg 768w, https:\/\/liakada-resort.gr\/wp-content\/uploads\/2025\/11\/Bungalow-Gelb_Aussen_2025-1.jpg 1258w\" sizes=\"auto, (max-width: 1024px) 100vw, 1024px\" \/><\/figure>\n<\/figure>\n\n\n\n<div class=\"wp-block-columns is-layout-flex wp-container-core-columns-is-layout-9d6595d7 wp-block-columns-is-layout-flex\">\n<div class=\"wp-block-column is-layout-flow wp-block-column-is-layout-flow\">\n<div class=\"alignnormal\"><div id=\"metaslider-id-382\" style=\"width: 100%;\" class=\"ml-slider-3-101-0 metaslider metaslider-flex metaslider-382 ml-slider has-dots-nav ms-theme-default-base\" role=\"region\" aria-label=\"Bungalow Rot\" data-height=\"1000\" data-width=\"1000\">\n    <div id=\"metaslider_container_382\">\n        <div id=\"metaslider_382\">\n            <ul aria-live='off' class='slides'>\n                <li style=\"display: block; width: 100%;\" class=\"slide-406 ms-image \" aria-roledescription=\"slide\" data-date=\"2025-11-30 12:52:48\"><img loading=\"lazy\" decoding=\"async\" src=\"https:\/\/liakada-resort.gr\/wp-content\/uploads\/2025\/11\/Bungalow-Rot_Wohnzimmer_2025_klein-1000x1000.jpg\" height=\"1000\" width=\"1000\" alt=\"\" class=\"slider-382 slide-406 msDefaultImage\" title=\"Bungalow-Rot_Wohnzimmer_2025\" \/><\/li>\n                <li style=\"display: none; width: 100%;\" class=\"slide-401 ms-image \" aria-roledescription=\"slide\" data-date=\"2025-11-30 12:52:48\"><img loading=\"lazy\" decoding=\"async\" src=\"https:\/\/liakada-resort.gr\/wp-content\/uploads\/2025\/11\/Bungalow-Rot_Kueche_2025_klein-1000x1000.jpg\" height=\"1000\" width=\"1000\" alt=\"\" class=\"slider-382 slide-401 msDefaultImage\" title=\"Bungalow-Rot_Kueche_2025\" \/><\/li>\n                <li style=\"display: none; width: 100%;\" class=\"slide-403 ms-image \" aria-roledescription=\"slide\" data-date=\"2025-11-30 12:52:48\"><img loading=\"lazy\" decoding=\"async\" src=\"https:\/\/liakada-resort.gr\/wp-content\/uploads\/2025\/11\/Bungalow-Rot_Schlafzimmer_2025_klein-1000x1000.jpg\" height=\"1000\" width=\"1000\" alt=\"\" class=\"slider-382 slide-403 msDefaultImage\" title=\"Bungalow-Rot_Schlafzimmer_2025\" \/><\/li>\n                <li style=\"display: none; width: 100%;\" class=\"slide-400 ms-image \" aria-roledescription=\"slide\" data-date=\"2025-11-30 12:52:48\"><img loading=\"lazy\" decoding=\"async\" src=\"https:\/\/liakada-resort.gr\/wp-content\/uploads\/2025\/11\/Bungalow-Rot_Badezimmer_2025_klein-1000x1000.jpg\" height=\"1000\" width=\"1000\" alt=\"\" class=\"slider-382 slide-400 msDefaultImage\" title=\"Bungalow-Rot_Badezimmer_2025\" \/><\/li>\n                <li style=\"display: none; width: 100%;\" class=\"slide-405 ms-image \" aria-roledescription=\"slide\" data-date=\"2025-11-30 12:52:48\"><img loading=\"lazy\" decoding=\"async\" src=\"https:\/\/liakada-resort.gr\/wp-content\/uploads\/2025\/11\/Bungalow-Rot_Terasse-2_2025_klein-1000x1000.jpg\" height=\"1000\" width=\"1000\" alt=\"\" class=\"slider-382 slide-405 msDefaultImage\" title=\"Bungalow-Rot_Terasse-2_2025\" \/><\/li>\n                <li style=\"display: none; width: 100%;\" class=\"slide-402 ms-image \" aria-roledescription=\"slide\" data-date=\"2025-11-30 12:52:48\"><img loading=\"lazy\" decoding=\"async\" src=\"https:\/\/liakada-resort.gr\/wp-content\/uploads\/2022\/02\/Balkon_5-747x747.jpg\" height=\"1000\" width=\"1000\" alt=\"\" class=\"slider-382 slide-402 msDefaultImage\" title=\"Balkon_5\" \/><\/li>\n            <\/ul>\n        <\/div>\n        \n    <\/div>\n<\/div><\/div>\n<\/div>\n\n\n\n<div class=\"wp-block-column is-layout-flow wp-block-column-is-layout-flow\">\n<div class=\"alignnormal\"><div id=\"metaslider-id-415\" style=\"width: 100%;\" class=\"ml-slider-3-101-0 metaslider metaslider-flex metaslider-415 ml-slider has-dots-nav ms-theme-default-base\" role=\"region\" aria-label=\"Bungalow Gelb\" data-height=\"1000\" data-width=\"1000\">\n    <div id=\"metaslider_container_415\">\n        <div id=\"metaslider_415\">\n            <ul aria-live='off' class='slides'>\n                <li style=\"display: block; width: 100%;\" class=\"slide-422 ms-image \" aria-roledescription=\"slide\" data-date=\"2025-11-30 13:12:57\"><img loading=\"lazy\" decoding=\"async\" src=\"https:\/\/liakada-resort.gr\/wp-content\/uploads\/2025\/11\/Bungalow-Gelb_Kueche_2025_klein-1-1000x1000.jpg\" height=\"1000\" width=\"1000\" alt=\"\" class=\"slider-415 slide-422 msDefaultImage\" title=\"Bungalow-Gelb_Kueche_2025\" \/><\/li>\n                <li style=\"display: none; width: 100%;\" class=\"slide-423 ms-image \" aria-roledescription=\"slide\" data-date=\"2025-11-30 13:12:58\"><img loading=\"lazy\" decoding=\"async\" src=\"https:\/\/liakada-resort.gr\/wp-content\/uploads\/2025\/11\/Bungalow-Gelb_Kueche-3_2025_klein-1000x1000.jpg\" height=\"1000\" width=\"1000\" alt=\"\" class=\"slider-415 slide-423 msDefaultImage\" title=\"Bungalow-Gelb_Kueche-3_2025\" \/><\/li>\n                <li style=\"display: none; width: 100%;\" class=\"slide-424 ms-image \" aria-roledescription=\"slide\" data-date=\"2025-11-30 13:12:58\"><img loading=\"lazy\" decoding=\"async\" src=\"https:\/\/liakada-resort.gr\/wp-content\/uploads\/2025\/11\/Bungalow-Gelb_Schlafzimmer_2025_klein-scaled-1000x1000.jpg\" height=\"1000\" width=\"1000\" alt=\"\" class=\"slider-415 slide-424 msDefaultImage\" title=\"Bungalow-Gelb_Schlafzimmer_2025\" \/><\/li>\n                <li style=\"display: none; width: 100%;\" class=\"slide-421 ms-image \" aria-roledescription=\"slide\" data-date=\"2025-11-30 13:12:57\"><img loading=\"lazy\" decoding=\"async\" src=\"https:\/\/liakada-resort.gr\/wp-content\/uploads\/2025\/11\/Bungalow-Gelb_Badezimmer_2025_klein-scaled-1000x1000.jpg\" height=\"1000\" width=\"1000\" alt=\"\" class=\"slider-415 slide-421 msDefaultImage\" title=\"Bungalow-Gelb_Badezimmer_2025\" \/><\/li>\n                <li style=\"display: none; width: 100%;\" class=\"slide-425 ms-image \" aria-roledescription=\"slide\" data-date=\"2025-11-30 13:12:58\"><img loading=\"lazy\" decoding=\"async\" src=\"https:\/\/liakada-resort.gr\/wp-content\/uploads\/2025\/11\/Bungalow-Gelb_Terasse_2025_klein-1-1000x1000.jpg\" height=\"1000\" width=\"1000\" alt=\"\" class=\"slider-415 slide-425 msDefaultImage\" title=\"Bungalow-Gelb_Terasse_2025\" \/><\/li>\n                <li style=\"display: none; width: 100%;\" class=\"slide-429 ms-image \" aria-roledescription=\"slide\" data-date=\"2025-11-30 13:22:23\"><img loading=\"lazy\" decoding=\"async\" src=\"https:\/\/liakada-resort.gr\/wp-content\/uploads\/2022\/02\/Balkon_5-747x747.jpg\" height=\"1000\" width=\"1000\" alt=\"\" class=\"slider-415 slide-429 msDefaultImage\" title=\"Balkon_5\" \/><\/li>\n            <\/ul>\n        <\/div>\n        \n    <\/div>\n<\/div><\/div>\n<\/div>\n<\/div>\n\n\n<div class=\"wp-block-image\">\n<figure class=\"aligncenter size-large\"><img loading=\"lazy\" decoding=\"async\" width=\"1024\" height=\"768\" src=\"https:\/\/liakada-resort.gr\/wp-content\/uploads\/2022\/05\/Pool_mit_Gras_2-1024x768.jpg\" alt=\"\" class=\"wp-image-326\" srcset=\"https:\/\/liakada-resort.gr\/wp-content\/uploads\/2022\/05\/Pool_mit_Gras_2-1024x768.jpg 1024w, https:\/\/liakada-resort.gr\/wp-content\/uploads\/2022\/05\/Pool_mit_Gras_2-300x225.jpg 300w, https:\/\/liakada-resort.gr\/wp-content\/uploads\/2022\/05\/Pool_mit_Gras_2-768x576.jpg 768w, https:\/\/liakada-resort.gr\/wp-content\/uploads\/2022\/05\/Pool_mit_Gras_2-440x330.jpg 440w, https:\/\/liakada-resort.gr\/wp-content\/uploads\/2022\/05\/Pool_mit_Gras_2-920x690.jpg 920w, https:\/\/liakada-resort.gr\/wp-content\/uploads\/2022\/05\/Pool_mit_Gras_2.jpg 1280w\" sizes=\"auto, (max-width: 1024px) 100vw, 1024px\" \/><\/figure>\n<\/div>\n\n\n<div class=\"wp-block-columns is-layout-flex wp-container-core-columns-is-layout-9d6595d7 wp-block-columns-is-layout-flex\">\n<div class=\"wp-block-column is-layout-flow wp-block-column-is-layout-flow\" style=\"flex-basis:250px\"><\/div>\n\n\n\n<div class=\"wp-block-column is-layout-flow wp-block-column-is-layout-flow\">\n<h3 class=\"wp-block-heading has-text-align-left\" id=\"ausstattung\">Ausstattung:<\/h3>\n\n\n\n<ul class=\"wp-block-list\">\n<li>Schlafzimmer mit Doppelbett oder 2 Einzelbetten<\/li>\n\n\n\n<li>Badezimmer mit Dusche, Toilette und Waschbecken<\/li>\n\n\n\n<li>Wohnraum mit K\u00fcche<\/li>\n\n\n\n<li>ausziehbares Bettsofa f\u00fcr 2 Personen<\/li>\n\n\n\n<li>Esstisch mit St\u00fchlen f\u00fcr 4 Personen<\/li>\n\n\n\n<li>Kaminofen<\/li>\n\n\n\n<li>1 \u00fcberdeckte Terrasse mit Gartentisch und 4 St\u00fchlen, 2 Liegest\u00fchle<\/li>\n\n\n\n<li>Balkon mit Tischchen und 2 St\u00fchlen<\/li>\n\n\n\n<li>Satelliten-TV und freier Internetzugang<\/li>\n\n\n\n<li>Klimaanlage <\/li>\n<\/ul>\n\n\n\n<p>Die Bungalows sind mit Bodenheizung ausgestattet, so dass sie auch die Wintermonate bei uns geniessen k\u00f6nnen.<\/p>\n\n\n\n<p><\/p>\n<\/div>\n\n\n\n<div class=\"wp-block-column is-layout-flow wp-block-column-is-layout-flow\" style=\"flex-basis:250px\"><\/div>\n<\/div>\n\n\n\n<div class=\"wp-block-columns is-layout-flex wp-container-core-columns-is-layout-9d6595d7 wp-block-columns-is-layout-flex\">\n<div class=\"wp-block-column is-layout-flow wp-block-column-is-layout-flow\" style=\"flex-basis:100%\"><\/div>\n<\/div>\n","protected":false},"excerpt":{"rendered":"<p>4-Stern-Standard Bungalows mit Meersicht Ausstattung: Die Bungalows sind mit Bodenheizung ausgestattet, so dass sie auch die Wintermonate bei uns geniessen<\/p>\n<p><a href=\"https:\/\/liakada-resort.gr\/?page_id=18\" class=\"more-link\">Continue reading<span class=\"screen-reader-text\">Bungalows<\/span><\/a><\/p>\n","protected":false},"author":1,"featured_media":0,"parent":0,"menu_order":0,"comment_status":"closed","ping_status":"closed","template":"","meta":{"footnotes":""},"class_list":["post-18","page","type-page","status-publish","hentry"],"_links":{"self":[{"href":"https:\/\/liakada-resort.gr\/index.php?rest_route=\/wp\/v2\/pages\/18","targetHints":{"allow":["GET"]}}],"collection":[{"href":"https:\/\/liakada-resort.gr\/index.php?rest_route=\/wp\/v2\/pages"}],"about":[{"href":"https:\/\/liakada-resort.gr\/index.php?rest_route=\/wp\/v2\/types\/page"}],"author":[{"embeddable":true,"href":"https:\/\/liakada-resort.gr\/index.php?rest_route=\/wp\/v2\/users\/1"}],"replies":[{"embeddable":true,"href":"https:\/\/liakada-resort.gr\/index.php?rest_route=%2Fwp%2Fv2%2Fcomments&post=18"}],"version-history":[{"count":28,"href":"https:\/\/liakada-resort.gr\/index.php?rest_route=\/wp\/v2\/pages\/18\/revisions"}],"predecessor-version":[{"id":435,"href":"https:\/\/liakada-resort.gr\/index.php?rest_route=\/wp\/v2\/pages\/18\/revisions\/435"}],"wp:attachment":[{"href":"https:\/\/liakada-resort.gr\/index.php?rest_route=%2Fwp%2Fv2%2Fmedia&parent=18"}],"curies":[{"name":"wp","href":"https:\/\/api.w.org\/{rel}","templated":true}]}}